{"id":1120,"date":"2021-08-04T11:34:53","date_gmt":"2021-08-04T11:34:53","guid":{"rendered":"https:\/\/wacon.ee\/privacy-policy\/"},"modified":"2021-08-04T11:34:57","modified_gmt":"2021-08-04T11:34:57","slug":"privacy-policy","status":"publish","type":"page","link":"https:\/\/wacon.ee\/en\/privacy-policy\/","title":{"rendered":"Privacy Policy"},"content":{"rendered":"\n<h2 class=\"has-text-align-center wp-block-heading\">Privacy Policy<\/h2>\n\n<div style=\"height:50px\" aria-hidden=\"true\" class=\"wp-block-spacer\"><\/div>\n\n<p>KiirWarren on v\u00f5tnud endale kohustuse kaitsta klientide ja kasutajate privaatsust. Sellest l\u00e4htuvalt koostas KiirWarren k\u00e4esoleva privaatsuspoliitika p\u00f5him\u00f5tted, mis k\u00e4sitlevad KiirWarreni kliendi andmete kogumist, kasutamist, avaldamist, edastamist ja talletamist. KiirWarreni tegevus internetis on koosk\u00f5las k\u00f5igi asjakohaste tegevuste ja vastavate Euroopa Liidu \u00f5igusaktide ja Eesti Vabariigi seadustega.<\/p>\n\n<p><strong>Isikuandmete kogumine ja kasutamine<\/strong><\/p>\n\n<p>Isikuandmed on eraisikuga konkreetselt v\u00f5i kaudselt seostatavad andmed, mida KiirWarren kogub ja t\u00f6\u00f6tleb kliendiga s\u00f5lmitud lepingu t\u00e4itmiseks v\u00f5i kliendiga \u00fchenduse v\u00f5tmiseks ning seadustest tulenevate kohustuste t\u00e4itmiseks.<\/p>\n\n<p>Kliendi isikuandmete kogumine v\u00f5ib toimuda allj\u00e4rgnevatel viisidel:<\/p>\n\n<ul class=\"wp-block-list\"><li>kontaktandmete (sh nimi, isikukood, e-posti aadress, telefoninumber, e-posti aadress, eelistatud kontakteerumise viis) esitamisel KiirWarreni veebisaidil v\u00f5i mujal;<\/li><li>veebisaidi kasutamisel kliendi konto infost v\u00f5i k\u00fcpsiste (cookies) kaudu<\/li><\/ul>\n\n<p><strong>Muude andmete kogumine<\/strong><\/p>\n\n<p>KiirWarren kogub ka isikustamata andmeid \u2013 andmeid, mida ei saa otseselt \u00fche kindla isikuga siduda (sugu, vanus, keele eelistus, asukoht).<\/p>\n\n<p>KiirWarren v\u00f5ib koguda ka andmeid kliendi tegevuste kohta veebisaidil. Need andmed koondatakse ja neid kasutatakse selleks, et KiirWarren saaks klientidele edastada kasulikumat teavet ning et KiirWarren saaks info, millised veebisaidi toodete ja teenuste osad on k\u00f5ige huvipakkuvamad. Koondandmeid k\u00e4sitletakse privaatsuspoliitikas isikustamata andmetena.<\/p>\n\n<p><strong>Kogutud isikuandmete kasutamine ja s\u00e4ilitamine<\/strong><\/p>\n\n<p>Kogutud isikuandmete abil saab KiirWarren teavitada kliente veebilehel olevate toodete-teenuste uudistest ja tulevastest s\u00fcndmustest. Klient, kes ei soovi olla uudiskirjaloendis v\u00f5i saada teavitusi teda huvitada v\u00f5ivatest toodetest-teenustest, saab ennast adressaatide sihtr\u00fchmast igal ajal eemaldada. <\/p>\n\n<p>KiirWarren kasutab kogutud isikuandmeid ka kauba kohaletoimetamiseks ning kliendi ees v\u00f5etud kohustuste t\u00e4itmiseks. <\/p>\n\n<p>Privaatsuspoliitika tingimustega n\u00f5ustumisel annab klient KiirWarrenile n\u00f5usoleku enda andmete automatiseeritud t\u00f6\u00f6tlemiseks. Klient v\u00f5ib alati oma n\u00f5usoleku tagasi v\u00f5tta KiirWarreni kodulehe vahendusel v\u00f5i kirjalikku taasesitamist v\u00f5imaldavas vormis avalduse tegemisega. Tagasiulatuvat j\u00f5udu avaldusel ega n\u00f5usoleku tagasiv\u00f5tmisel ei ole.<\/p>\n\n<p>Kliendi paremaks teenindamiseks v\u00f5ib KiirWarren avaldada teavet \u00fcksikute kasutajate kohta kolmandale osapoolele, kes osutab KiirWarrenile teenuseid ning on lepinguga kohustatud hoidma jagatud teavet konfidentsiaalsena. <\/p>\n\n<p>Kliendi isikuandmeid s\u00e4ilitab KiirWarren kuni lepingu l\u00f5petamiseni. Andmeid, mida KiirWarren on kohustatud s\u00e4ilitama \u00f5igusaktidest tulenevalt (nt. raamatupidamisandmed), s\u00e4ilitab KiirWarren \u00f5igusaktides s\u00e4testatud n\u00f5uetest l\u00e4htuvalt. <\/p>\n\n<p><strong>Isikuandmete kaitse<\/strong><\/p>\n\n<p>KiirWarren rakendab k\u00f5iki ettevaatusabin\u00f5usid (sh administratiivsed, tehnilised ja f\u00fc\u00fcsilised meetmed) kliendi isikuandmete kaitsmiseks. Juurdep\u00e4\u00e4s andmete muutmiseks ja t\u00f6\u00f6tlemiseks on ainult selleks volitatud isikutel. <\/p>\n\n<p>Kliendil on \u00f5igus n\u00f5uda oma andmete t\u00f6\u00f6tlemise l\u00f5petamist, teavet andmete kasutamise kohta ning andmete edastamist endale v\u00f5i kolmandale isikule \u00fcldkasutatavas vormingus. V\u00e4ltimaks kliendi andmete ja \u00f5iguste v\u00e4\u00e4rkasutust on taotlusi lubatud esitada \u00fcksnes vormis, kus taotleja isik on tuvastatav (digitaalselt allkirjastatud v\u00f5i esinduses isiklikult allkirjastatud). KiirWarrenil on \u00f5igus sellistele taotlustele vastata 30 p\u00e4eva jooksul. <\/p>\n\n<p>Andmete t\u00f6\u00f6tlemise l\u00f5petamise n\u00f5uet k\u00e4sitleb KiirWarren p\u00fcsikliendi lepingu l\u00f5petamise avaldusena. <\/p>\n\n<p><strong>Turvalisus<\/strong><\/p>\n\n<p>K\u00f5ik KiirWarreni veebilehe k\u00fclastamise ja p\u00e4ringute tegemise k\u00e4igus teatavaks saanud kliendi isikuandmeid k\u00e4sitletakse kui konfidentsiaalset infot. <\/p>\n\n<p><strong>Privaatsuspoliitika tingimused ja muudatused<\/strong><\/p>\n\n<p>KiirWarreni veebisaiti kasutama asudes v\u00f5i p\u00e4ringu ankeedi t\u00e4itmisel on klient k\u00e4esolevate p\u00f5him\u00f5tete ja tingimustega tutvunud ning nendega n\u00f5ustunud. KiirWarren j\u00e4tab endale \u00f5iguse vajadusel privaatsuspoliitika \u00fcldtingimusi muuta, teavitades sellest k\u00f5iki kliente, kuid annab oma parima, et hoida meie privaatsuspoliitika ajakohase ja kliendile k\u00e4ttesaadavana KiirWarreni kodulehel.<\/p>\n\n<p>Kliendi isikuandmete vastutavaks t\u00f6\u00f6tlejaks on KiirWarren.KL O\u00dc. K\u00f5igi privaatsuspoliitika v\u00f5i andmet\u00f6\u00f6tluse kohta tekkivate k\u00fcsimuste v\u00f5i muredega saab v\u00f5tta \u00fchendust aadressil info@wacon.ee.<\/p>\n\n<p>Kliendil on alati \u00f5igus p\u00f6\u00f6rduda oma andmete kaitsmiseks Andmekaitse Inspektsiooni poole.<\/p>\n\n<div style=\"height:50px\" aria-hidden=\"true\" class=\"wp-block-spacer\"><\/div>\n","protected":false},"excerpt":{"rendered":"<p>Privacy Policy KiirWarren on v\u00f5tnud endale kohustuse kaitsta klientide ja kasutajate privaatsust. Sellest l\u00e4htuvalt koostas KiirWarren k\u00e4esoleva privaatsuspoliitika p\u00f5him\u00f5tted, mis k\u00e4sitlevad KiirWarreni kliendi andmete kogumist, kasutamist, avaldamist, edastamist ja talletamist. KiirWarreni tegevus internetis on koosk\u00f5las k\u00f5igi asjakohaste tegevuste ja vastavate Euroopa Liidu \u00f5igusaktide ja Eesti Vabariigi seadustega. Isikuandmete kogumine ja kasutamine Isikuandmed on eraisikuga konkreetselt [&hellip;]<\/p>\n","protected":false},"author":1,"featured_media":0,"parent":0,"menu_order":0,"comment_status":"closed","ping_status":"closed","template":"","meta":{"footnotes":""},"class_list":["post-1120","page","type-page","status-publish","hentry"],"yoast_head":"<!-- This site is optimized with the Yoast SEO plugin v23.3 - https:\/\/yoast.com\/wordpress\/plugins\/seo\/ -->\n<title>Privacy Policy - Wacon<\/title>\n<meta name=\"robots\" content=\"index, follow, max-snippet:-1, max-image-preview:large, max-video-preview:-1\" \/>\n<link rel=\"canonical\" href=\"https:\/\/wacon.ee\/en\/privacy-policy\/\" \/>\n<meta property=\"og:locale\" content=\"en_US\" \/>\n<meta property=\"og:type\" content=\"article\" \/>\n<meta property=\"og:title\" content=\"Privacy Policy - Wacon\" \/>\n<meta property=\"og:description\" content=\"Privacy Policy KiirWarren on v\u00f5tnud endale kohustuse kaitsta klientide ja kasutajate privaatsust. Sellest l\u00e4htuvalt koostas KiirWarren k\u00e4esoleva privaatsuspoliitika p\u00f5him\u00f5tted, mis k\u00e4sitlevad KiirWarreni kliendi andmete kogumist, kasutamist, avaldamist, edastamist ja talletamist. KiirWarreni tegevus internetis on koosk\u00f5las k\u00f5igi asjakohaste tegevuste ja vastavate Euroopa Liidu \u00f5igusaktide ja Eesti Vabariigi seadustega. Isikuandmete kogumine ja kasutamine Isikuandmed on eraisikuga konkreetselt [&hellip;]\" \/>\n<meta property=\"og:url\" content=\"https:\/\/wacon.ee\/en\/privacy-policy\/\" \/>\n<meta property=\"og:site_name\" content=\"Wacon\" \/>\n<meta property=\"article:modified_time\" content=\"2021-08-04T11:34:57+00:00\" \/>\n<meta property=\"og:image\" content=\"https:\/\/wacon.ee\/wp-content\/uploads\/2021\/07\/20210415_094441_opt.jpg\" \/>\n\t<meta property=\"og:image:width\" content=\"1920\" \/>\n\t<meta property=\"og:image:height\" content=\"910\" \/>\n\t<meta property=\"og:image:type\" content=\"image\/jpeg\" \/>\n<meta name=\"twitter:card\" content=\"summary_large_image\" \/>\n<meta name=\"twitter:label1\" content=\"Est. reading time\" \/>\n\t<meta name=\"twitter:data1\" content=\"3 minutes\" \/>\n<script type=\"application\/ld+json\" class=\"yoast-schema-graph\">{\"@context\":\"https:\/\/schema.org\",\"@graph\":[{\"@type\":\"WebPage\",\"@id\":\"https:\/\/wacon.ee\/en\/privacy-policy\/\",\"url\":\"https:\/\/wacon.ee\/en\/privacy-policy\/\",\"name\":\"Privacy Policy - Wacon\",\"isPartOf\":{\"@id\":\"https:\/\/wacon.ee\/en\/#website\"},\"datePublished\":\"2021-08-04T11:34:53+00:00\",\"dateModified\":\"2021-08-04T11:34:57+00:00\",\"inLanguage\":\"en-US\",\"potentialAction\":[{\"@type\":\"ReadAction\",\"target\":[\"https:\/\/wacon.ee\/en\/privacy-policy\/\"]}]},{\"@type\":\"WebSite\",\"@id\":\"https:\/\/wacon.ee\/en\/#website\",\"url\":\"https:\/\/wacon.ee\/en\/\",\"name\":\"Wacon\",\"description\":\"Betoonelementide tootmine ja paigaldus.\",\"publisher\":{\"@id\":\"https:\/\/wacon.ee\/en\/#organization\"},\"potentialAction\":[{\"@type\":\"SearchAction\",\"target\":{\"@type\":\"EntryPoint\",\"urlTemplate\":\"https:\/\/wacon.ee\/en\/?s={search_term_string}\"},\"query-input\":\"required name=search_term_string\"}],\"inLanguage\":\"en-US\"},{\"@type\":\"Organization\",\"@id\":\"https:\/\/wacon.ee\/en\/#organization\",\"name\":\"Wacon \u2014 Betoonelementide tootmine ja paigaldus.\",\"url\":\"https:\/\/wacon.ee\/en\/\",\"logo\":{\"@type\":\"ImageObject\",\"inLanguage\":\"en-US\",\"@id\":\"https:\/\/wacon.ee\/en\/#\/schema\/logo\/image\/\",\"url\":\"https:\/\/wacon.ee\/wp-content\/uploads\/2021\/07\/warren_concrete_must.svg\",\"contentUrl\":\"https:\/\/wacon.ee\/wp-content\/uploads\/2021\/07\/warren_concrete_must.svg\",\"width\":1,\"height\":1,\"caption\":\"Wacon \u2014 Betoonelementide tootmine ja paigaldus.\"},\"image\":{\"@id\":\"https:\/\/wacon.ee\/en\/#\/schema\/logo\/image\/\"},\"sameAs\":[\"https:\/\/www.linkedin.com\/company\/warren-concrete-o\/\"]}]}<\/script>\n<!-- \/ Yoast SEO plugin. -->","yoast_head_json":{"title":"Privacy Policy - Wacon","robots":{"index":"index","follow":"follow","max-snippet":"max-snippet:-1","max-image-preview":"max-image-preview:large","max-video-preview":"max-video-preview:-1"},"canonical":"https:\/\/wacon.ee\/en\/privacy-policy\/","og_locale":"en_US","og_type":"article","og_title":"Privacy Policy - Wacon","og_description":"Privacy Policy KiirWarren on v\u00f5tnud endale kohustuse kaitsta klientide ja kasutajate privaatsust. Sellest l\u00e4htuvalt koostas KiirWarren k\u00e4esoleva privaatsuspoliitika p\u00f5him\u00f5tted, mis k\u00e4sitlevad KiirWarreni kliendi andmete kogumist, kasutamist, avaldamist, edastamist ja talletamist. KiirWarreni tegevus internetis on koosk\u00f5las k\u00f5igi asjakohaste tegevuste ja vastavate Euroopa Liidu \u00f5igusaktide ja Eesti Vabariigi seadustega. Isikuandmete kogumine ja kasutamine Isikuandmed on eraisikuga konkreetselt [&hellip;]","og_url":"https:\/\/wacon.ee\/en\/privacy-policy\/","og_site_name":"Wacon","article_modified_time":"2021-08-04T11:34:57+00:00","og_image":[{"width":1920,"height":910,"url":"https:\/\/wacon.ee\/wp-content\/uploads\/2021\/07\/20210415_094441_opt.jpg","type":"image\/jpeg"}],"twitter_card":"summary_large_image","twitter_misc":{"Est. reading time":"3 minutes"},"schema":{"@context":"https:\/\/schema.org","@graph":[{"@type":"WebPage","@id":"https:\/\/wacon.ee\/en\/privacy-policy\/","url":"https:\/\/wacon.ee\/en\/privacy-policy\/","name":"Privacy Policy - Wacon","isPartOf":{"@id":"https:\/\/wacon.ee\/en\/#website"},"datePublished":"2021-08-04T11:34:53+00:00","dateModified":"2021-08-04T11:34:57+00:00","inLanguage":"en-US","potentialAction":[{"@type":"ReadAction","target":["https:\/\/wacon.ee\/en\/privacy-policy\/"]}]},{"@type":"WebSite","@id":"https:\/\/wacon.ee\/en\/#website","url":"https:\/\/wacon.ee\/en\/","name":"Wacon","description":"Betoonelementide tootmine ja paigaldus.","publisher":{"@id":"https:\/\/wacon.ee\/en\/#organization"},"potentialAction":[{"@type":"SearchAction","target":{"@type":"EntryPoint","urlTemplate":"https:\/\/wacon.ee\/en\/?s={search_term_string}"},"query-input":"required name=search_term_string"}],"inLanguage":"en-US"},{"@type":"Organization","@id":"https:\/\/wacon.ee\/en\/#organization","name":"Wacon \u2014 Betoonelementide tootmine ja paigaldus.","url":"https:\/\/wacon.ee\/en\/","logo":{"@type":"ImageObject","inLanguage":"en-US","@id":"https:\/\/wacon.ee\/en\/#\/schema\/logo\/image\/","url":"https:\/\/wacon.ee\/wp-content\/uploads\/2021\/07\/warren_concrete_must.svg","contentUrl":"https:\/\/wacon.ee\/wp-content\/uploads\/2021\/07\/warren_concrete_must.svg","width":1,"height":1,"caption":"Wacon \u2014 Betoonelementide tootmine ja paigaldus."},"image":{"@id":"https:\/\/wacon.ee\/en\/#\/schema\/logo\/image\/"},"sameAs":["https:\/\/www.linkedin.com\/company\/warren-concrete-o\/"]}]}},"_links":{"self":[{"href":"https:\/\/wacon.ee\/en\/wp-json\/wp\/v2\/pages\/1120","targetHints":{"allow":["GET"]}}],"collection":[{"href":"https:\/\/wacon.ee\/en\/wp-json\/wp\/v2\/pages"}],"about":[{"href":"https:\/\/wacon.ee\/en\/wp-json\/wp\/v2\/types\/page"}],"author":[{"embeddable":true,"href":"https:\/\/wacon.ee\/en\/wp-json\/wp\/v2\/users\/1"}],"replies":[{"embeddable":true,"href":"https:\/\/wacon.ee\/en\/wp-json\/wp\/v2\/comments?post=1120"}],"version-history":[{"count":3,"href":"https:\/\/wacon.ee\/en\/wp-json\/wp\/v2\/pages\/1120\/revisions"}],"predecessor-version":[{"id":1124,"href":"https:\/\/wacon.ee\/en\/wp-json\/wp\/v2\/pages\/1120\/revisions\/1124"}],"wp:attachment":[{"href":"https:\/\/wacon.ee\/en\/wp-json\/wp\/v2\/media?parent=1120"}],"curies":[{"name":"wp","href":"https:\/\/api.w.org\/{rel}","templated":true}]}}